{"id":11,"date":"2018-04-17T18:05:48","date_gmt":"2018-04-17T16:05:48","guid":{"rendered":"http:\/\/abvb.fr\/?page_id=11"},"modified":"2025-09-18T23:38:00","modified_gmt":"2025-09-18T21:38:00","slug":"le-club","status":"publish","type":"page","link":"https:\/\/abvb.fr\/index.php\/le-club\/","title":{"rendered":"Le Club"},"content":{"rendered":"<h3>QUI SOMMES-NOUS ?<\/h3>\n<p>Le club<strong> A<\/strong>ix les <strong>B<\/strong>ains <strong>V<\/strong>olley-<strong>B<\/strong>all (<strong>ABVB<\/strong>) accueille joueuses et joueurs de volleyball et de beach-volley, petits et grands, en comp\u00e9tition et en loisir.<\/p>\n<p>Le club compte aujourd&#8217;hui pr\u00e8s de 200 licenci\u00e9s pratiquant aux gymnase G4 et G2 de Marlioz (160 chemin des Nuettes, 73420 Drumettaz-Clarafond).<\/p>\n<p>Le club est affili\u00e9 \u00e0 la <strong>F<\/strong>\u00e9d\u00e9ration <strong>F<\/strong>ran\u00e7aise de <strong>V<\/strong>olley <strong>B<\/strong>all (<strong>FFVB<\/strong>) et \u00e0 la <strong>F<\/strong>\u00e9d\u00e9ration <strong>S<\/strong>portive et <strong>G<\/strong>ymnique du <strong>T<\/strong>ravail (<strong>FSGT<\/strong>).<\/p>\n<h3>NOS SECTIONS<\/h3>\n<h4 id=\"eztoc38033_0_0_0_1\" class=\"eztitle\"><abbr title=\"F\u00e9d\u00e9ration fran\u00e7aise de volley-ball\">F.F.V.B.<\/abbr> Jeunes<\/h4>\n<p>Les entra\u00eenements pour tous les jeunes de 10 \u00e0 18 ans se font au gymnase Marlioz G4 sur les cr\u00e9neaux suivants :<\/p>\n<ul>\n<li>M11-M13: Mercredis de 17h30 \u00e0 19h30.<\/li>\n<li>M15: Lundis de 17h30 \u00e0 19h et mercredi 17h30 \u00e0 19h30.<\/li>\n<li>M18: Lundis de 19h \u00e0 20h30 et vendredis de 17h30 \u00e0 19h.<\/li>\n<li>Matchs : plateaux et championnat les dimanches en journ\u00e9e.<\/li>\n<\/ul>\n<h4 id=\"eztoc38033_0_0_0_2\" class=\"eztitle\"><abbr title=\"F\u00e9d\u00e9ration fran\u00e7aise de volley-ball\">F.F.V.B.<\/abbr> Seniors<\/h4>\n<p>Les entra\u00eenements pour l&#8217;\u00e9quipe d\u00e9partementale f\u00e9minine se font au gymnase Marlioz G4 sur les cr\u00e9neaux suivants :<\/p>\n<ul>\n<li>Le lundi de 20h30 \u00e0 22h30 et mercredi de 20h00 \u00e0 22h30.<\/li>\n<li>Match \u00e0 domicile le mercredi d\u00e8s 20h00<\/li>\n<\/ul>\n<p>Les entrainements pour l&#8217;\u00e9quipe pr\u00e9-r\u00e9gionale masculine se font aux gymnases Marlioz G2 et G4 sur les cr\u00e9neaux suivants :<\/p>\n<ul>\n<li>Les lundis en semaine impaire de 20h00 \u00e0 22h00 au G2<\/li>\n<li>Les jeudis de 20h30 \u00e0 22h30 au G4<\/li>\n<li>Match \u00e0 domicile le samedi d\u00e8s 15h<\/li>\n<\/ul>\n<p>Les entrainements pour l&#8217;\u00e9quipe r\u00e9gionale f\u00e9minine se font au gymnase Marlioz G4 sur les cr\u00e9neaux suivants :<\/p>\n<ul>\n<li>Le lundi et jeudi de 20h30 \u00e0 22h30<\/li>\n<li>Match \u00e0 domicile le dimanche d\u00e8s 16h<\/li>\n<\/ul>\n<h4 id=\"eztoc38033_0_0_0_3\" class=\"eztitle\"><abbr title=\"F\u00e9d\u00e9ration sportive et gymnique du travail\">F.S.G.T.<\/abbr>\u00a0(entra\u00eenements et matchs \u00e0 domicile)<\/h4>\n<p>La section F.S.G.T s&#8217;entra\u00eene au gymnase Marlioz G4 sur les cr\u00e9neaux suivants :<\/p>\n<ul>\n<li>Le lundi de 20h30 \u00e0 22h30 (Aix 1 uniquement)<\/li>\n<li>Match \u00e0 domicile le mercredi d\u00e8s 20h00 en fonction du planning du championnat.<\/li>\n<\/ul>\n<p>Les \u00e9quipes Aix 1, Aix 3 et Aix 4 \u00e9voluent en poule A du championnat <abbr title=\"F\u00e9d\u00e9ration sportive et gymnique du travail\"><strong>F.S.G.T.\u00a0<\/strong><\/abbr>et l&#8217;\u00e9quipe Aix 2 \u00a0en poule C du championnat <abbr title=\"F\u00e9d\u00e9ration sportive et gymnique du travail\"><strong>F.S.G.T.<\/strong><\/abbr><\/p>\n<h4 id=\"eztoc38033_0_0_0_4\" class=\"eztitle\">Jeu libre seniors <abbr title=\"F\u00e9d\u00e9ration fran\u00e7aise de volley-ball\">F.F.V.B.<\/abbr><\/h4>\n<p>Pour ceux qui ne souhaitent pas faire de comp\u00e9tition, il y a la possibilit\u00e9 de jouer librement au gymnase de Marlioz G4 sur les cr\u00e9neaux suivants :<\/p>\n<ul>\n<li>Le jeudi de 20h30 \u00e0 22h30.<\/li>\n<li>Le samedi de 18h \u00e0 22h<\/li>\n<li>Le dimanche de 13h \u00e0 16h en 3&#215;3<\/li>\n<\/ul>\n","protected":false},"excerpt":{"rendered":"<p>QUI SOMMES-NOUS ? Le club Aix les Bains Volley-Ball (ABVB) accueille joueuses et joueurs de volleyball et de beach-volley, petits et grands, en comp\u00e9tition et en loisir. Le club compte aujourd&#8217;hui pr\u00e8s de 200 licenci\u00e9s pratiquant aux gymnase G4 et G2 de Marlioz (160 chemin des Nuettes, 73420 Drumettaz-Clarafond). Le club est affili\u00e9 \u00e0 la &hellip; <\/p>\n<p class=\"link-more\"><a href=\"https:\/\/abvb.fr\/index.php\/le-club\/\" class=\"more-link\">Continue reading<span class=\"screen-reader-text\"> &#8220;Le Club&#8221;<\/span><\/a><\/p>\n","protected":false},"author":1,"featured_media":0,"parent":0,"menu_order":0,"comment_status":"closed","ping_status":"closed","template":"","meta":{"footnotes":""},"_links":{"self":[{"href":"https:\/\/abvb.fr\/index.php\/wp-json\/wp\/v2\/pages\/11"}],"collection":[{"href":"https:\/\/abvb.fr\/index.php\/wp-json\/wp\/v2\/pages"}],"about":[{"href":"https:\/\/abvb.fr\/index.php\/wp-json\/wp\/v2\/types\/page"}],"author":[{"embeddable":true,"href":"https:\/\/abvb.fr\/index.php\/wp-json\/wp\/v2\/users\/1"}],"replies":[{"embeddable":true,"href":"https:\/\/abvb.fr\/index.php\/wp-json\/wp\/v2\/comments?post=11"}],"version-history":[{"count":30,"href":"https:\/\/abvb.fr\/index.php\/wp-json\/wp\/v2\/pages\/11\/revisions"}],"predecessor-version":[{"id":368,"href":"https:\/\/abvb.fr\/index.php\/wp-json\/wp\/v2\/pages\/11\/revisions\/368"}],"wp:attachment":[{"href":"https:\/\/abvb.fr\/index.php\/wp-json\/wp\/v2\/media?parent=11"}],"curies":[{"name":"wp","href":"https:\/\/api.w.org\/{rel}","templated":true}]}}