{"id":170,"date":"2023-08-28T09:52:57","date_gmt":"2023-08-28T07:52:57","guid":{"rendered":"http:\/\/abvb.fr\/?page_id=170"},"modified":"2025-08-22T14:54:56","modified_gmt":"2025-08-22T12:54:56","slug":"nos-tarifs","status":"publish","type":"page","link":"https:\/\/abvb.fr\/index.php\/nos-tarifs\/","title":{"rendered":"Nos Tarifs"},"content":{"rendered":"\n<p>Voici les tarifs des inscriptions pour la saison 2025\/2026 :<\/p>\n\n\n\n<figure class=\"wp-block-table is-style-stripes\"><table><tbody><tr><td><strong>Sections<\/strong><\/td><td><strong>Montant des inscriptions \u00e0 l&#8217;ann\u00e9e<\/strong><\/td><\/tr><tr><td>R\u00e9gionale F\u00e9minine Senior<\/td><td>210\u20ac<\/td><\/tr><tr><td>Pr\u00e9-R\u00e9gionale Masculine Senior<\/td><td>210\u20ac<\/td><\/tr><tr><td>D\u00e9partementale F\u00e9minine Senior<\/td><td>170\u20ac<\/td><\/tr><tr><td>Senior FSGT Mixte <em>(comp\u00e9tition)<\/em><\/td><td>140\u20ac<\/td><\/tr><tr><td>Loisir Senior (Jeu Libre)<\/td><td>100\u20ac<\/td><\/tr><tr><td>M18<\/td><td>170\u20ac<\/td><\/tr><tr><td>M15 (+M13 surclass\u00e9s)<\/td><td>160\u20ac<\/td><\/tr><tr><td>M11 et M13<\/td><td>130\u20ac<\/td><\/tr><\/tbody><\/table><figcaption class=\"wp-element-caption\">Pour toute question concernant les inscriptions d&#8217;un(e) nouvel(le) adh\u00e9rent(e), vous pouvez contacter le Conseil d&#8217;Administration du club ABVB via le formulaire sur la page contact.<\/figcaption><\/figure>\n\n\n\n<p class=\"has-small-font-size\"><\/p>\n","protected":false},"excerpt":{"rendered":"<p>Voici les tarifs des inscriptions pour la saison 2025\/2026 : Sections Montant des inscriptions \u00e0 l&#8217;ann\u00e9e R\u00e9gionale F\u00e9minine Senior 210\u20ac Pr\u00e9-R\u00e9gionale Masculine Senior 210\u20ac D\u00e9partementale F\u00e9minine Senior 170\u20ac Senior FSGT Mixte (comp\u00e9tition) 140\u20ac Loisir Senior (Jeu Libre) 100\u20ac M18 170\u20ac M15 (+M13 surclass\u00e9s) 160\u20ac M11 et M13 130\u20ac Pour toute question concernant les inscriptions d&#8217;un(e) &hellip; <\/p>\n<p class=\"link-more\"><a href=\"https:\/\/abvb.fr\/index.php\/nos-tarifs\/\" class=\"more-link\">Continue reading<span class=\"screen-reader-text\"> &#8220;Nos Tarifs&#8221;<\/span><\/a><\/p>\n","protected":false},"author":1,"featured_media":0,"parent":0,"menu_order":0,"comment_status":"closed","ping_status":"closed","template":"","meta":{"footnotes":""},"_links":{"self":[{"href":"https:\/\/abvb.fr\/index.php\/wp-json\/wp\/v2\/pages\/170"}],"collection":[{"href":"https:\/\/abvb.fr\/index.php\/wp-json\/wp\/v2\/pages"}],"about":[{"href":"https:\/\/abvb.fr\/index.php\/wp-json\/wp\/v2\/types\/page"}],"author":[{"embeddable":true,"href":"https:\/\/abvb.fr\/index.php\/wp-json\/wp\/v2\/users\/1"}],"replies":[{"embeddable":true,"href":"https:\/\/abvb.fr\/index.php\/wp-json\/wp\/v2\/comments?post=170"}],"version-history":[{"count":5,"href":"https:\/\/abvb.fr\/index.php\/wp-json\/wp\/v2\/pages\/170\/revisions"}],"predecessor-version":[{"id":275,"href":"https:\/\/abvb.fr\/index.php\/wp-json\/wp\/v2\/pages\/170\/revisions\/275"}],"wp:attachment":[{"href":"https:\/\/abvb.fr\/index.php\/wp-json\/wp\/v2\/media?parent=170"}],"curies":[{"name":"wp","href":"https:\/\/api.w.org\/{rel}","templated":true}]}}