{"id":173,"date":"2023-09-18T14:32:23","date_gmt":"2023-09-18T12:32:23","guid":{"rendered":"http:\/\/abvb.fr\/?page_id=173"},"modified":"2025-09-30T21:45:11","modified_gmt":"2025-09-30T19:45:11","slug":"le-planning","status":"publish","type":"page","link":"https:\/\/abvb.fr\/index.php\/le-planning\/","title":{"rendered":"Le Planning"},"content":{"rendered":"\n<p>Le planning des s\u00e9ances pour la saison 2025\/2026 est le suivant :<\/p>\n\n\n\n<div class=\"wp-block-buttons is-layout-flex wp-block-buttons-is-layout-flex\">\n<div class=\"wp-block-button\"><a class=\"wp-block-button__link wp-element-button\" href=\"http:\/\/abvb.fr\/wp-content\/uploads\/2025\/08\/Plannng-de-Jeu.pdf\" target=\"_blank\" rel=\"noreferrer noopener nofollow\">Planning Entrainements &amp; Matchs<\/a><\/div>\n<\/div>\n\n\n\n<hr class=\"wp-block-separator has-alpha-channel-opacity\"\/>\n\n\n\n<p><em><strong>Certains cr\u00e9neaux du week-end pourront \u00eatre annul\u00e9s ou am\u00e9nag\u00e9s selon les comp\u00e9titions pr\u00e9vues par les autres clubs, les modifications seront communiqu\u00e9es la semaine pr\u00e9c\u00e9dente. <\/strong>L\u2019horaire de rendez-vous sera communiqu\u00e9 sur le groupe Whatsapp d\u00e9di\u00e9 par le r\u00e9f\u00e9rent de la section.<\/em><\/p>\n\n\n\n<p>*<em>Nous avons pour but d&#8217;ouvrir les deux terrains suppl\u00e9mentaires du G2 le lundi soir \u00e0 la section Loisir Senior<\/em>. <em>Ce cr\u00e9neau suppl\u00e9mentaire sera confirm\u00e9 d\u00e8s que le mat\u00e9riel n\u00e9cessaire a \u00e9t\u00e9 r\u00e9ceptionn\u00e9.<\/em><\/p>\n","protected":false},"excerpt":{"rendered":"<p>Le planning des s\u00e9ances pour la saison 2025\/2026 est le suivant : Certains cr\u00e9neaux du week-end pourront \u00eatre annul\u00e9s ou am\u00e9nag\u00e9s selon les comp\u00e9titions pr\u00e9vues par les autres clubs, les modifications seront communiqu\u00e9es la semaine pr\u00e9c\u00e9dente. L\u2019horaire de rendez-vous sera communiqu\u00e9 sur le groupe Whatsapp d\u00e9di\u00e9 par le r\u00e9f\u00e9rent de la section. *Nous avons pour &hellip; <\/p>\n<p class=\"link-more\"><a href=\"https:\/\/abvb.fr\/index.php\/le-planning\/\" class=\"more-link\">Continue reading<span class=\"screen-reader-text\"> &#8220;Le Planning&#8221;<\/span><\/a><\/p>\n","protected":false},"author":1,"featured_media":0,"parent":0,"menu_order":0,"comment_status":"closed","ping_status":"closed","template":"","meta":{"footnotes":""},"_links":{"self":[{"href":"https:\/\/abvb.fr\/index.php\/wp-json\/wp\/v2\/pages\/173"}],"collection":[{"href":"https:\/\/abvb.fr\/index.php\/wp-json\/wp\/v2\/pages"}],"about":[{"href":"https:\/\/abvb.fr\/index.php\/wp-json\/wp\/v2\/types\/page"}],"author":[{"embeddable":true,"href":"https:\/\/abvb.fr\/index.php\/wp-json\/wp\/v2\/users\/1"}],"replies":[{"embeddable":true,"href":"https:\/\/abvb.fr\/index.php\/wp-json\/wp\/v2\/comments?post=173"}],"version-history":[{"count":13,"href":"https:\/\/abvb.fr\/index.php\/wp-json\/wp\/v2\/pages\/173\/revisions"}],"predecessor-version":[{"id":382,"href":"https:\/\/abvb.fr\/index.php\/wp-json\/wp\/v2\/pages\/173\/revisions\/382"}],"wp:attachment":[{"href":"https:\/\/abvb.fr\/index.php\/wp-json\/wp\/v2\/media?parent=173"}],"curies":[{"name":"wp","href":"https:\/\/api.w.org\/{rel}","templated":true}]}}