{"id":176,"date":"2023-09-18T14:24:47","date_gmt":"2023-09-18T12:24:47","guid":{"rendered":"http:\/\/abvb.fr\/?page_id=176"},"modified":"2025-08-22T16:12:17","modified_gmt":"2025-08-22T14:12:17","slug":"inscription","status":"publish","type":"page","link":"https:\/\/abvb.fr\/index.php\/inscription\/","title":{"rendered":"Sections Jeunes"},"content":{"rendered":"\n<p class=\"has-medium-pink-color has-text-color has-link-color wp-elements-36540c2ac428f4183e4ea7884fa9f73d\"><\/p>\n\n\n\n<p>Pour les\u00a0<strong>adh\u00e9rents FFVB en Sections Jeunes (M11, M13, M15 ou M18) <\/strong>, il vous faudra cr\u00e9er un espace personnel FFVolley et saisir les informations pour la demande de licence de votre enfant depuis cet espace. La FFVB a cr\u00e9\u00e9 un catalogue de tutoriels pour vous aider dans vos d\u00e9marches :\u00a0<a href=\"https:\/\/my.ffvolley.org\/tutos\/\">https:\/\/my.ffvolley.org\/tutos\/<\/a><\/p>\n\n\n\n<p>Vous pourrez ensuite payer votre licence directement depuis MyFFVolley.<\/p>\n\n\n\n<div class=\"wp-block-buttons is-layout-flex wp-container-core-buttons-is-layout-1 wp-block-buttons-is-layout-flex\">\n<div class=\"wp-block-button\"><a class=\"wp-block-button__link wp-element-button\" href=\"https:\/\/my.ffvolley.org\/home\" target=\"_blank\" rel=\"noreferrer noopener nofollow\">Acc\u00e9der \u00e0 MyFFVolley<\/a><\/div>\n<\/div>\n\n\n\n<hr class=\"wp-block-separator has-alpha-channel-opacity\"\/>\n\n\n\n<p>Pour\u00a0<strong>les r\u00e9ductions (Pass Sport et Pass R\u00e9gion) ou paiements par ch\u00e8ques\/cartes sports (ANCV ou Okay Savoie)<\/strong>, il vous sera possible, au moment du paiement de saisir le type de pass dont vous disposez et le montant de l&#8217;aide \u00e0 d\u00e9duire du paiement final.<\/p>\n\n\n\n<p>Ensuite il faudra pr\u00e9senter le pass ou le moyen de paiement \u00e0 un responsable du club pour finaliser l&#8217;inscription et le cas \u00e9ch\u00e9ant payer le compl\u00e9ment par virement.&nbsp;<\/p>\n\n\n\n<p><strong>Note importante pour le Certificat M\u00e9dical&nbsp;<\/strong><\/p>\n\n\n\n<p>Il n&#8217;y a pas besoin de certificat m\u00e9dical d\u2019absence de contre-indication \u00e0 la pratique du volley-ball sauf s&#8217;il y a une ou plusieurs r\u00e9ponses positives \u00e0 ce questionnaire ou dans le cas d\u2019un surclassement, dans ce cas l\u00e0 il faudra soumettre un certificat m\u00e9dical de moins de 6 mois.<\/p>\n\n\n\n<p><a href=\"http:\/\/extranet.ffvb.org\/data\/Files\/documents\/medical\/FFvolley_qs_sport_sportifs_mineurs_2023-24.pdf\" target=\"_blank\" rel=\"noreferrer noopener\" aria-label=\" (s\u2019ouvre dans un nouvel onglet)\"><em>Questionnaire de Sant\u00e9 Jeunes<\/em><\/a><\/p>\n\n\n\n<figure class=\"wp-block-gallery has-nested-images columns-default is-cropped wp-block-gallery-1 is-layout-flex wp-block-gallery-is-layout-flex\">\n<figure class=\"wp-block-image size-large\"><img loading=\"lazy\" decoding=\"async\" width=\"768\" height=\"1024\" data-id=\"287\" src=\"https:\/\/abvb.fr\/wp-content\/uploads\/2025\/08\/dstephens-05-768x1024.jpg\" alt=\"\" class=\"wp-image-287\" srcset=\"https:\/\/abvb.fr\/wp-content\/uploads\/2025\/08\/dstephens-05-768x1024.jpg 768w, https:\/\/abvb.fr\/wp-content\/uploads\/2025\/08\/dstephens-05-225x300.jpg 225w, https:\/\/abvb.fr\/wp-content\/uploads\/2025\/08\/dstephens-05-1152x1536.jpg 1152w, https:\/\/abvb.fr\/wp-content\/uploads\/2025\/08\/dstephens-05-1536x2048.jpg 1536w, https:\/\/abvb.fr\/wp-content\/uploads\/2025\/08\/dstephens-05-scaled.jpg 1920w\" sizes=\"(max-width: 767px) 89vw, (max-width: 1000px) 54vw, (max-width: 1071px) 543px, 580px\" \/><\/figure>\n\n\n\n\n\n<figure class=\"wp-block-image size-large\"><img loading=\"lazy\" decoding=\"async\" width=\"768\" height=\"1024\" data-id=\"291\" src=\"https:\/\/abvb.fr\/wp-content\/uploads\/2025\/08\/dstephens-02-768x1024.jpg\" alt=\"\" class=\"wp-image-291\" srcset=\"https:\/\/abvb.fr\/wp-content\/uploads\/2025\/08\/dstephens-02-768x1024.jpg 768w, https:\/\/abvb.fr\/wp-content\/uploads\/2025\/08\/dstephens-02-225x300.jpg 225w, https:\/\/abvb.fr\/wp-content\/uploads\/2025\/08\/dstephens-02-1152x1536.jpg 1152w, https:\/\/abvb.fr\/wp-content\/uploads\/2025\/08\/dstephens-02-1536x2048.jpg 1536w, https:\/\/abvb.fr\/wp-content\/uploads\/2025\/08\/dstephens-02-scaled.jpg 1920w\" sizes=\"(max-width: 767px) 89vw, (max-width: 1000px) 54vw, (max-width: 1071px) 543px, 580px\" \/><\/figure>\n\n\n\n\n\n\n<\/figure>\n","protected":false},"excerpt":{"rendered":"<p>Pour les\u00a0adh\u00e9rents FFVB en Sections Jeunes (M11, M13, M15 ou M18) , il vous faudra cr\u00e9er un espace personnel FFVolley et saisir les informations pour la demande de licence de votre enfant depuis cet espace. La FFVB a cr\u00e9\u00e9 un catalogue de tutoriels pour vous aider dans vos d\u00e9marches :\u00a0https:\/\/my.ffvolley.org\/tutos\/ Vous pourrez ensuite payer votre &hellip; <\/p>\n<p class=\"link-more\"><a href=\"https:\/\/abvb.fr\/index.php\/inscription\/\" class=\"more-link\">Continue reading<span class=\"screen-reader-text\"> &#8220;Sections Jeunes&#8221;<\/span><\/a><\/p>\n","protected":false},"author":1,"featured_media":0,"parent":0,"menu_order":0,"comment_status":"closed","ping_status":"closed","template":"","meta":{"footnotes":""},"_links":{"self":[{"href":"https:\/\/abvb.fr\/index.php\/wp-json\/wp\/v2\/pages\/176"}],"collection":[{"href":"https:\/\/abvb.fr\/index.php\/wp-json\/wp\/v2\/pages"}],"about":[{"href":"https:\/\/abvb.fr\/index.php\/wp-json\/wp\/v2\/types\/page"}],"author":[{"embeddable":true,"href":"https:\/\/abvb.fr\/index.php\/wp-json\/wp\/v2\/users\/1"}],"replies":[{"embeddable":true,"href":"https:\/\/abvb.fr\/index.php\/wp-json\/wp\/v2\/comments?post=176"}],"version-history":[{"count":26,"href":"https:\/\/abvb.fr\/index.php\/wp-json\/wp\/v2\/pages\/176\/revisions"}],"predecessor-version":[{"id":293,"href":"https:\/\/abvb.fr\/index.php\/wp-json\/wp\/v2\/pages\/176\/revisions\/293"}],"wp:attachment":[{"href":"https:\/\/abvb.fr\/index.php\/wp-json\/wp\/v2\/media?parent=176"}],"curies":[{"name":"wp","href":"https:\/\/api.w.org\/{rel}","templated":true}]}}