{"id":318,"date":"2025-08-22T16:25:22","date_gmt":"2025-08-22T14:25:22","guid":{"rendered":"https:\/\/abvb.fr\/?page_id=318"},"modified":"2025-09-14T08:09:37","modified_gmt":"2025-09-14T06:09:37","slug":"section-loisir-senior-jeu-libre","status":"publish","type":"page","link":"https:\/\/abvb.fr\/index.php\/section-loisir-senior-jeu-libre\/","title":{"rendered":"Section Loisir Senior (Jeu Libre)"},"content":{"rendered":"\n<p>Pour les&nbsp;<strong>adh\u00e9rents FFVB en section Loisir Senior (Jeu Libre)<\/strong>, il vous faudra cr\u00e9er un espace personnel FFVolley et saisir les informations pour la demande de licence depuis cet espace. La FFVB a cr\u00e9\u00e9 un catalogue de tutoriels pour vous aider dans vos d\u00e9marches :&nbsp;<a href=\"https:\/\/my.ffvolley.org\/tutos\/\">https:\/\/my.ffvolley.org\/tutos\/<\/a><\/p>\n\n\n\n<p>Vous pourrez ensuite payer votre licence directement depuis MyFFVolley.<\/p>\n\n\n\n<div class=\"wp-block-buttons is-layout-flex wp-block-buttons-is-layout-flex\">\n<div class=\"wp-block-button\"><a class=\"wp-block-button__link wp-element-button\" href=\"https:\/\/my.ffvolley.org\/home\" target=\"_blank\" rel=\"noreferrer noopener nofollow\">Acc\u00e9der \u00e0 MyFFVolley<\/a><\/div>\n<\/div>\n\n\n\n<hr class=\"wp-block-separator has-alpha-channel-opacity\"\/>\n\n\n\n<p>Pour&nbsp;<strong>les paiements par ch\u00e8ques\/cartes sports (ANCV ou Okay Savoie)<\/strong>, il vous sera possible, au moment du paiement de saisir le type de pass dont vous disposez et le montant de l\u2019aide \u00e0 d\u00e9duire du paiement final.<\/p>\n\n\n\n<p>Ensuite il faudra pr\u00e9senter le pass ou le moyen de paiement \u00e0 un responsable du club pour finaliser l\u2019inscription et le cas \u00e9ch\u00e9ant payer le compl\u00e9ment par virement.&nbsp;<\/p>\n\n\n\n<p><strong>Note importante pour le Certificat M\u00e9dical&nbsp;<\/strong><\/p>\n\n\n\n<p>Pour les adultes, il faut compl\u00e9ter le Questionnaire de Sant\u00e9 (cf lien ci-dessous) et il n\u2019y a pas besoin de certificat m\u00e9dical d\u2019absence de contre-indication \u00e0 la pratique du volley-ball sauf s\u2019il y a une ou plusieurs r\u00e9ponses positives \u00e0 ce questionnaire, dans ce cas l\u00e0 il faudra soumettre un certificat m\u00e9dical de moins de 6 mois.<\/p>\n\n\n\n<p><a href=\"http:\/\/extranet.ffvb.org\/data\/Files\/documents\/medical\/FFvolley_qs_sport_2023-24.pdf\" target=\"_blank\" rel=\"noreferrer noopener\">Questionnaire de Sant\u00e9 Senior FFVB<\/a><\/p>\n","protected":false},"excerpt":{"rendered":"<p>Pour les&nbsp;adh\u00e9rents FFVB en section Loisir Senior (Jeu Libre), il vous faudra cr\u00e9er un espace personnel FFVolley et saisir les informations pour la demande de licence depuis cet espace. La FFVB a cr\u00e9\u00e9 un catalogue de tutoriels pour vous aider dans vos d\u00e9marches :&nbsp;https:\/\/my.ffvolley.org\/tutos\/ Vous pourrez ensuite payer votre licence directement depuis MyFFVolley. Pour&nbsp;les paiements &hellip; <\/p>\n<p class=\"link-more\"><a href=\"https:\/\/abvb.fr\/index.php\/section-loisir-senior-jeu-libre\/\" class=\"more-link\">Continue reading<span class=\"screen-reader-text\"> &#8220;Section Loisir Senior (Jeu Libre)&#8221;<\/span><\/a><\/p>\n","protected":false},"author":1,"featured_media":0,"parent":0,"menu_order":0,"comment_status":"closed","ping_status":"closed","template":"","meta":{"footnotes":""},"_links":{"self":[{"href":"https:\/\/abvb.fr\/index.php\/wp-json\/wp\/v2\/pages\/318"}],"collection":[{"href":"https:\/\/abvb.fr\/index.php\/wp-json\/wp\/v2\/pages"}],"about":[{"href":"https:\/\/abvb.fr\/index.php\/wp-json\/wp\/v2\/types\/page"}],"author":[{"embeddable":true,"href":"https:\/\/abvb.fr\/index.php\/wp-json\/wp\/v2\/users\/1"}],"replies":[{"embeddable":true,"href":"https:\/\/abvb.fr\/index.php\/wp-json\/wp\/v2\/comments?post=318"}],"version-history":[{"count":2,"href":"https:\/\/abvb.fr\/index.php\/wp-json\/wp\/v2\/pages\/318\/revisions"}],"predecessor-version":[{"id":343,"href":"https:\/\/abvb.fr\/index.php\/wp-json\/wp\/v2\/pages\/318\/revisions\/343"}],"wp:attachment":[{"href":"https:\/\/abvb.fr\/index.php\/wp-json\/wp\/v2\/media?parent=318"}],"curies":[{"name":"wp","href":"https:\/\/api.w.org\/{rel}","templated":true}]}}