{"id":321,"date":"2025-08-22T16:37:54","date_gmt":"2025-08-22T14:37:54","guid":{"rendered":"https:\/\/abvb.fr\/?page_id=321"},"modified":"2025-09-26T13:18:07","modified_gmt":"2025-09-26T11:18:07","slug":"equipes-fsgt-competition","status":"publish","type":"page","link":"https:\/\/abvb.fr\/index.php\/equipes-fsgt-competition\/","title":{"rendered":"\u00c9quipes FSGT Comp\u00e9tition"},"content":{"rendered":"\n<p>Pour les&nbsp;<strong>adh\u00e9rents FSGT comp\u00e9tition ayant \u00e9t\u00e9 s\u00e9lectionn\u00e9s pour rejoindre l&#8217;une de nos quatre \u00e9quipes<\/strong>, l&#8217;adh\u00e9sion au club se fait via notre formulaire HelloAsso dont le lien se trouve ci-dessous.<\/p>\n\n\n\n<div class=\"wp-block-buttons is-layout-flex wp-block-buttons-is-layout-flex\">\n<div class=\"wp-block-button\"><a class=\"wp-block-button__link wp-element-button\" href=\"https:\/\/www.helloasso.com\/associations\/aix-les-bains-volleyball\/adhesions\/inscription-abvb-2025-2026\" target=\"_blank\" rel=\"noreferrer noopener nofollow\">Acc\u00e9der \u00e0 HelloAsso<\/a><\/div>\n<\/div>\n\n\n\n<hr class=\"wp-block-separator has-alpha-channel-opacity\"\/>\n\n\n\n<p>Pour&nbsp;<strong>les paiements par ch\u00e8ques\/cartes sports (ANCV ou Okay Savoie)<\/strong>, il vous sera possible, au moment du paiement de saisir le code promo AUTREREDUC qui passera votre panier 0\u20ac. Il faudra ensuite r\u00e9gulariser votre adh\u00e9sion directement avec le club en fonction de l&#8217;aide dont vous disposez.<\/p>\n\n\n\n<p><strong>Note importante pour le Certificat M\u00e9dical&nbsp;<\/strong><\/p>\n\n\n\n<p>Pour la FSGT, il faut compl\u00e9ter le Questionnaire de Sant\u00e9 (cf lien ci-dessous) et il n\u2019y a pas besoin de certificat m\u00e9dical d\u2019absence de contre-indication \u00e0 la pratique du volley-ball sauf s\u2019il y a une ou plusieurs r\u00e9ponses positives \u00e0 ce questionnaire, dans ce cas l\u00e0 il faudra soumettre un certificat m\u00e9dical de moins de 6 mois.<\/p>\n\n\n\n<p><a href=\"https:\/\/abvb.fr\/wp-content\/uploads\/2024\/09\/CM-Majeur.es-Questionnaire.pdf\" target=\"_blank\" rel=\"noreferrer noopener nofollow\">Questionnaire de Sant\u00e9 FSGT<\/a><\/p>\n\n\n\n<p><img loading=\"lazy\" decoding=\"async\" width=\"350\" height=\"342\" class=\"wp-image-375\" style=\"width: 350px;\" src=\"http:\/\/abvb.fr\/wp-content\/uploads\/2025\/09\/IMG-20231122-WA00062.jpg\" alt=\"\" srcset=\"https:\/\/abvb.fr\/wp-content\/uploads\/2025\/09\/IMG-20231122-WA00062.jpg 893w, https:\/\/abvb.fr\/wp-content\/uploads\/2025\/09\/IMG-20231122-WA00062-300x293.jpg 300w, https:\/\/abvb.fr\/wp-content\/uploads\/2025\/09\/IMG-20231122-WA00062-768x750.jpg 768w\" sizes=\"(max-width: 350px) 100vw, 350px\" \/><img loading=\"lazy\" decoding=\"async\" width=\"350\" height=\"473\" class=\"wp-image-379\" style=\"width: 350px;\" src=\"http:\/\/abvb.fr\/wp-content\/uploads\/2025\/09\/Screenshot_20230403-232354_1.png\" alt=\"\" srcset=\"https:\/\/abvb.fr\/wp-content\/uploads\/2025\/09\/Screenshot_20230403-232354_1.png 1080w, https:\/\/abvb.fr\/wp-content\/uploads\/2025\/09\/Screenshot_20230403-232354_1-222x300.png 222w, https:\/\/abvb.fr\/wp-content\/uploads\/2025\/09\/Screenshot_20230403-232354_1-757x1024.png 757w, https:\/\/abvb.fr\/wp-content\/uploads\/2025\/09\/Screenshot_20230403-232354_1-768x1038.png 768w\" sizes=\"(max-width: 350px) 100vw, 350px\" \/><\/p>\n","protected":false},"excerpt":{"rendered":"<p>Pour les&nbsp;adh\u00e9rents FSGT comp\u00e9tition ayant \u00e9t\u00e9 s\u00e9lectionn\u00e9s pour rejoindre l&#8217;une de nos quatre \u00e9quipes, l&#8217;adh\u00e9sion au club se fait via notre formulaire HelloAsso dont le lien se trouve ci-dessous. Pour&nbsp;les paiements par ch\u00e8ques\/cartes sports (ANCV ou Okay Savoie), il vous sera possible, au moment du paiement de saisir le code promo AUTREREDUC qui passera votre &hellip; <\/p>\n<p class=\"link-more\"><a href=\"https:\/\/abvb.fr\/index.php\/equipes-fsgt-competition\/\" class=\"more-link\">Continue reading<span class=\"screen-reader-text\"> &#8220;\u00c9quipes FSGT Comp\u00e9tition&#8221;<\/span><\/a><\/p>\n","protected":false},"author":1,"featured_media":0,"parent":0,"menu_order":0,"comment_status":"closed","ping_status":"closed","template":"","meta":{"footnotes":""},"_links":{"self":[{"href":"https:\/\/abvb.fr\/index.php\/wp-json\/wp\/v2\/pages\/321"}],"collection":[{"href":"https:\/\/abvb.fr\/index.php\/wp-json\/wp\/v2\/pages"}],"about":[{"href":"https:\/\/abvb.fr\/index.php\/wp-json\/wp\/v2\/types\/page"}],"author":[{"embeddable":true,"href":"https:\/\/abvb.fr\/index.php\/wp-json\/wp\/v2\/users\/1"}],"replies":[{"embeddable":true,"href":"https:\/\/abvb.fr\/index.php\/wp-json\/wp\/v2\/comments?post=321"}],"version-history":[{"count":3,"href":"https:\/\/abvb.fr\/index.php\/wp-json\/wp\/v2\/pages\/321\/revisions"}],"predecessor-version":[{"id":380,"href":"https:\/\/abvb.fr\/index.php\/wp-json\/wp\/v2\/pages\/321\/revisions\/380"}],"wp:attachment":[{"href":"https:\/\/abvb.fr\/index.php\/wp-json\/wp\/v2\/media?parent=321"}],"curies":[{"name":"wp","href":"https:\/\/api.w.org\/{rel}","templated":true}]}}