{"id":401,"date":"2026-04-13T17:40:33","date_gmt":"2026-04-13T15:40:33","guid":{"rendered":"https:\/\/abvb.fr\/?page_id=401"},"modified":"2026-04-13T17:46:38","modified_gmt":"2026-04-13T15:46:38","slug":"partenaires","status":"publish","type":"page","link":"https:\/\/abvb.fr\/index.php\/partenaires\/","title":{"rendered":"Partenaires"},"content":{"rendered":"\n<p>Le tournoi ne pourrait exister sans le soutien pr\u00e9cieux de ses partenaires.<\/p>\n\n\n\n<p>Entreprises locales, acteurs engag\u00e9s et marques de confiance contribuent chaque ann\u00e9e \u00e0 faire grandir l\u2019\u00e9v\u00e9nement.<\/p>\n\n\n\n<p>Merci pour votre confiance et votre engagement \u00e0 nos c\u00f4t\u00e9s !<\/p>\n\n\n\n<h2 class=\"wp-block-heading has-text-align-center has-black-color has-text-color has-link-color wp-elements-d51799ccb3bfd0b66a0c05a1e6e94bfc\"><strong>PARTENAIRES MAJEURS<\/strong><\/h2>\n\n\n\n<h3 class=\"wp-block-heading has-text-align-center\"><strong>Brasserie Caquot<\/strong><\/h3>\n\n\n\n<div class=\"wp-block-columns is-layout-flex wp-container-core-columns-is-layout-1 wp-block-columns-is-layout-flex\">\n<div class=\"wp-block-column is-layout-flow wp-block-column-is-layout-flow\">\n<figure class=\"wp-block-image size-full is-resized\"><img decoding=\"async\" src=\"http:\/\/abvb.fr\/wp-content\/uploads\/2026\/04\/Logo-Brasserie_Plan-de-travail-1-copie-1.jpg\" alt=\"\" class=\"wp-image-403\" style=\"aspect-ratio:3\/2;object-fit:cover;width:252px;height:auto\"\/><\/figure>\n<\/div>\n\n\n\n<div class=\"wp-block-column is-layout-flow wp-block-column-is-layout-flow\">\n<p>Brasserie artisanale locale, la Brasserie Caquot propose des bi\u00e8res de caract\u00e8re, brass\u00e9es avec passion.<br>Partenaire cl\u00e9 du tournoi, elle contribue \u00e0 l\u2019ambiance conviviale et festive de l\u2019\u00e9v\u00e9nement.<\/p>\n<\/div>\n<\/div>\n\n\n\n<h2 class=\"wp-block-heading has-text-align-center has-black-color has-text-color has-link-color wp-elements-cb05ea9207474bdc9af981f413f55e84\"><strong>AUTRES PARTENAIRES<\/strong><\/h2>\n\n\n\n<div class=\"wp-block-columns is-layout-flex wp-container-core-columns-is-layout-2 wp-block-columns-is-layout-flex\">\n<div class=\"wp-block-column is-layout-flow wp-block-column-is-layout-flow\"><div class=\"wp-block-image\">\n<figure class=\"aligncenter size-full is-resized\"><img loading=\"lazy\" decoding=\"async\" width=\"650\" height=\"650\" src=\"http:\/\/abvb.fr\/wp-content\/uploads\/2026\/04\/Logo-Aix-2023_Partenaire_DegBleu_Plan-de-travail-1.jpg\" alt=\"\" class=\"wp-image-414\" style=\"width:150px\"\/><\/figure><\/div><\/div>\n\n\n\n<div class=\"wp-block-column is-layout-flow wp-block-column-is-layout-flow\"><div class=\"wp-block-image\">\n<figure class=\"aligncenter size-full\"><img loading=\"lazy\" decoding=\"async\" width=\"2768\" height=\"1582\" src=\"http:\/\/abvb.fr\/wp-content\/uploads\/2026\/04\/PlaisirDesAlpes_Logo_Verti_MontagneGrise_RGB.png\" alt=\"\" class=\"wp-image-412\"\/><\/figure><\/div><\/div>\n\n\n\n<div class=\"wp-block-column is-layout-flow wp-block-column-is-layout-flow\"><div class=\"wp-block-image\">\n<figure class=\"aligncenter size-full\"><img loading=\"lazy\" decoding=\"async\" width=\"320\" height=\"145\" src=\"http:\/\/abvb.fr\/wp-content\/uploads\/2026\/04\/logo-orcafinance.jpg\" alt=\"\" class=\"wp-image-408\"\/><\/figure><\/div><\/div>\n<\/div>\n\n\n\n<div class=\"wp-block-columns is-layout-flex wp-container-core-columns-is-layout-3 wp-block-columns-is-layout-flex\">\n<div class=\"wp-block-column is-layout-flow wp-block-column-is-layout-flow\"><div class=\"wp-block-image\">\n<figure class=\"aligncenter size-full is-resized\"><img loading=\"lazy\" decoding=\"async\" width=\"299\" height=\"393\" src=\"http:\/\/abvb.fr\/wp-content\/uploads\/2026\/04\/logo-fond-blanc-oscar-chambery.png\" alt=\"\" class=\"wp-image-415\" style=\"width:120px\"\/><\/figure><\/div><\/div>\n\n\n\n<div class=\"wp-block-column is-layout-flow wp-block-column-is-layout-flow\"><div class=\"wp-block-image\">\n<figure class=\"aligncenter size-full\"><img loading=\"lazy\" decoding=\"async\" width=\"1354\" height=\"719\" src=\"http:\/\/abvb.fr\/wp-content\/uploads\/2026\/04\/logo-alchimie-assurance_ORIGINAL.jpg\" alt=\"\" class=\"wp-image-409\"\/><\/figure><\/div><\/div>\n\n\n\n<div class=\"wp-block-column is-layout-flow wp-block-column-is-layout-flow\"><div class=\"wp-block-image\">\n<figure class=\"aligncenter size-full\"><img loading=\"lazy\" decoding=\"async\" width=\"1395\" height=\"924\" src=\"http:\/\/abvb.fr\/wp-content\/uploads\/2026\/04\/Capture-decran-2026-04-13-160708.png\" alt=\"\" class=\"wp-image-410\"\/><\/figure><\/div><\/div>\n<\/div>\n","protected":false},"excerpt":{"rendered":"<p>Le tournoi ne pourrait exister sans le soutien pr\u00e9cieux de ses partenaires. Entreprises locales, acteurs engag\u00e9s et marques de confiance contribuent chaque ann\u00e9e \u00e0 faire grandir l\u2019\u00e9v\u00e9nement. Merci pour votre confiance et votre engagement \u00e0 nos c\u00f4t\u00e9s ! PARTENAIRES MAJEURS Brasserie Caquot Brasserie artisanale locale, la Brasserie Caquot propose des bi\u00e8res de caract\u00e8re, brass\u00e9es avec &hellip; <\/p>\n<p class=\"link-more\"><a href=\"https:\/\/abvb.fr\/index.php\/partenaires\/\" class=\"more-link\">Continue reading<span class=\"screen-reader-text\"> &#8220;Partenaires&#8221;<\/span><\/a><\/p>\n","protected":false},"author":1,"featured_media":0,"parent":0,"menu_order":0,"comment_status":"closed","ping_status":"closed","template":"","meta":{"footnotes":""},"_links":{"self":[{"href":"https:\/\/abvb.fr\/index.php\/wp-json\/wp\/v2\/pages\/401"}],"collection":[{"href":"https:\/\/abvb.fr\/index.php\/wp-json\/wp\/v2\/pages"}],"about":[{"href":"https:\/\/abvb.fr\/index.php\/wp-json\/wp\/v2\/types\/page"}],"author":[{"embeddable":true,"href":"https:\/\/abvb.fr\/index.php\/wp-json\/wp\/v2\/users\/1"}],"replies":[{"embeddable":true,"href":"https:\/\/abvb.fr\/index.php\/wp-json\/wp\/v2\/comments?post=401"}],"version-history":[{"count":5,"href":"https:\/\/abvb.fr\/index.php\/wp-json\/wp\/v2\/pages\/401\/revisions"}],"predecessor-version":[{"id":428,"href":"https:\/\/abvb.fr\/index.php\/wp-json\/wp\/v2\/pages\/401\/revisions\/428"}],"wp:attachment":[{"href":"https:\/\/abvb.fr\/index.php\/wp-json\/wp\/v2\/media?parent=401"}],"curies":[{"name":"wp","href":"https:\/\/api.w.org\/{rel}","templated":true}]}}